{"id":87,"date":"2025-03-27T06:00:04","date_gmt":"2025-03-27T06:00:04","guid":{"rendered":"https:\/\/art4fun.pl\/wp\/about-2\/"},"modified":"2025-04-29T06:05:24","modified_gmt":"2025-04-29T06:05:24","slug":"about-2","status":"publish","type":"page","link":"https:\/\/art4fun.pl\/wp\/about-2\/","title":{"rendered":"O Nas"},"content":{"rendered":"\n\n\n\n\n<h5>Art4Fun<\/h5>\n\n\n\n<h3>Tworzymy i rozwijamy muzyk\u0119 cyfrow\u0105 z wykorzystaniem narz\u0119dzi sztucznej inteligencji.<\/h3>\n\n\n\n<h4>Tworzymy g\u0142\u00f3wnie piosenki patriotyczne. Promujemy r\u00f3wnie\u017c pi\u0119kn\u0105 poezj\u0119 patriotyczn\u0105 naszych Mistrz\u00f3w Pi\u00f3ra.<br><br>Realizujemy r\u00f3wnie\u017c zam\u00f3wienia na personalizowane utwory muzyczne jako podk\u0142ad do dowolnej tre\u015bci wideo. Wi\u0119cej szczeg\u00f3\u0142\u00f3w tutaj: <a href=\"https:\/\/art4fun.pl\/wp\/2025\/04\/29\/nowosc-od-art4fun-spersonalizowane-piosenki-na-kazda-okazje\/\">Art4Fun zam\u00f3w piosenk\u0119<\/a><br><br>W sk\u0142ad zespo\u0142u Art4Fun wchodz\u0105:<br>Marta Tomczuk (teksty, audio)<br><a href=\"https:\/\/www.facebook.com\/aderek514\" data-type=\"link\" data-id=\"https:\/\/www.facebook.com\/aderek514\">Pawe\u0142 Tomczuk<\/a> (video, <a href=\"https:\/\/www.facebook.com\/aderek514\" data-type=\"link\" data-id=\"https:\/\/www.facebook.com\/aderek514\">grafika<\/a>)<br><br>Narz\u0119dzia:<br>D\u0142ugopis i kartka &#8211; do zapisywania tekst\u00f3w piosenek i ich edycji<br>ComfyUI &#8211; generowanie grafik na podstawie w\u0142asnych prompt\u00f3w.<br>SUNO &#8211; generowanie wokalu i \u015bcie\u017cki d\u017awi\u0119kowej na podstawie zadanych tekst\u00f3w i promt\u00f3w.<br>KlingAI, MiniMax &#8211; generowanie video<\/h4>\n\n\n\n\n\n\n\n\n\n\n\n\n\n\n\n\n\n\n\n\n\n\n\n<h5>Nasze projekty<\/h5>\n\n\n\n<h3>Najmocniejsze patriotyczne brzmienie<br><br><a href=\"https:\/\/www.youtube.com\/@Aderek514\">Art4Fun &#8211; YouTube<\/a><\/h3>\n\n\n\n\n\n\n\n\n\n\n\n\n\n<h3>Subsribe for latest Updates!<\/h3>\n\n\n\n\n\n\n\n\n\n\n\n\n\n<h5>Tylko Najlepsza Jako\u015b\u0107<\/h5>\n\n\n\n<h3>Utwory dost\u0119pne na YT, Tidal, Spotify, apple music, Amazon<\/h3>\n\n\n\n\n\n\n\n\n\n<h5>Wybierz Nas<\/h5>\n\n\n\n<h3>Kto nas poleca?<\/h3>\n\n\n\n\n\n\n\n\n\n\n","protected":false},"excerpt":{"rendered":"","protected":false},"author":1,"featured_media":0,"parent":0,"menu_order":0,"comment_status":"closed","ping_status":"closed","template":"","meta":{"pagelayer_contact_templates":{"ajr7698":{"cont_subject":"Newsletter Form","cont_header":"$email","cont_use_html":"true"}},"_pagelayer_content":"","footnotes":""},"class_list":["post-87","page","type-page","status-publish","hentry"],"jetpack_sharing_enabled":true,"_links":{"self":[{"href":"https:\/\/art4fun.pl\/wp\/wp-json\/wp\/v2\/pages\/87","targetHints":{"allow":["GET"]}}],"collection":[{"href":"https:\/\/art4fun.pl\/wp\/wp-json\/wp\/v2\/pages"}],"about":[{"href":"https:\/\/art4fun.pl\/wp\/wp-json\/wp\/v2\/types\/page"}],"author":[{"embeddable":true,"href":"https:\/\/art4fun.pl\/wp\/wp-json\/wp\/v2\/users\/1"}],"replies":[{"embeddable":true,"href":"https:\/\/art4fun.pl\/wp\/wp-json\/wp\/v2\/comments?post=87"}],"version-history":[{"count":13,"href":"https:\/\/art4fun.pl\/wp\/wp-json\/wp\/v2\/pages\/87\/revisions"}],"predecessor-version":[{"id":267,"href":"https:\/\/art4fun.pl\/wp\/wp-json\/wp\/v2\/pages\/87\/revisions\/267"}],"wp:attachment":[{"href":"https:\/\/art4fun.pl\/wp\/wp-json\/wp\/v2\/media?parent=87"}],"curies":[{"name":"wp","href":"https:\/\/api.w.org\/{rel}","templated":true}]}}